{"id":29848,"date":"2021-03-30T00:36:11","date_gmt":"2021-03-29T22:36:11","guid":{"rendered":"https:\/\/www.crossinvest.ch\/risk\/"},"modified":"2021-03-30T00:36:13","modified_gmt":"2021-03-29T22:36:13","slug":"risk","status":"publish","type":"page","link":"https:\/\/www.crossinvest.ch\/en\/risk\/","title":{"rendered":"Risk"},"content":{"rendered":"<div class=\"wpb-content-wrapper\"><p>[vc_row][vc_column]<div class=\"dfd-spacer-module\"  data-units=\"px\" data-wide_resolution=\"1280\" data-wide_size=\"150\" data-normal_resolution=\"1024\" data-normal_size=\"100\" data-tablet_resolution=\"800\" data-tablet_size=\"100\" data-mobile_resolution=\"480\" data-mobile_size=\"80\" style=\"height: 150px;\"><\/div>[\/vc_column][\/vc_row][vc_row][vc_column css=&#8221;.vc_custom_1608111214077{padding-right: 30px !important;padding-left: 30px !important;}&#8221; col_shadow=&#8221;box_shadow_enable:disable|shadow_horizontal:0|shadow_vertical:15|shadow_blur:50|shadow_spread:0|box_shadow_color:rgba(0%2C0%2C0%2C0.35)&#8221; col_shadow_hover=&#8221;box_shadow_enable:disable|shadow_horizontal:0|shadow_vertical:15|shadow_blur:50|shadow_spread:0|box_shadow_color:rgba(0%2C0%2C0%2C0.35)&#8221;][vc_column_text]<\/p>\n<h1>Servizi di gestione del rischio in outsourcing<\/h1>\n<p>[\/vc_column_text][\/vc_column][\/vc_row][vc_row][vc_column]<div class=\"dfd-spacer-module\"  data-units=\"px\" data-wide_resolution=\"1280\" data-wide_size=\"60\" data-normal_resolution=\"1024\" data-normal_size=\"60\" data-tablet_resolution=\"800\" data-tablet_size=\"60\" data-mobile_resolution=\"480\" data-mobile_size=\"60\" style=\"height: 60px;\"><\/div>[\/vc_column][\/vc_row][vc_row][vc_column css=&#8221;.vc_custom_1611565626078{padding-right: 30px !important;padding-left: 30px !important;}&#8221; col_shadow=&#8221;box_shadow_enable:disable|shadow_horizontal:0|shadow_vertical:15|shadow_blur:50|shadow_spread:0|box_shadow_color:rgba(0%2C0%2C0%2C0.35)&#8221; col_shadow_hover=&#8221;box_shadow_enable:disable|shadow_horizontal:0|shadow_vertical:15|shadow_blur:50|shadow_spread:0|box_shadow_color:rgba(0%2C0%2C0%2C0.35)&#8221;][vc_column_text]La crisi finanziaria iniziata nel 2007 ha definitivamente posizionato la gestione del rischio come disciplina centrale nel settore finanziario. In questo contesto, riconoscendone l\u2019importanza, Crossinvest ha deciso di sviluppare la gestione del rischio come funzione indipendente per meglio bilanciare rischi ed opportunit\u00e0.<\/p>\n<p>Con l\u2019entrata in vigore della legge sui servizi finanziari (LSerFi) e la legge sugli istituti finanziari (LIsFi) i gestori patrimoniali devono garantire l\u2019esecuzione degli obblighi di legge mediante un\u2019adeguata organizzazione aziendale. In questo contesto Crossinvest ha deciso di offrire in modo indipendente i servizi di gestione del rischio ed investment compliance a gestori indipendenti e family office.<\/p>\n<p>Siamo a vostra disposizione per discutere le vostre esigenze.[\/vc_column_text]<div class=\"dfd-spacer-module\"  data-units=\"px\" data-wide_resolution=\"1280\" data-wide_size=\"80\" data-normal_resolution=\"1024\" data-normal_size=\"\" data-tablet_resolution=\"800\" data-tablet_size=\"\" data-mobile_resolution=\"480\" data-mobile_size=\"\" style=\"height: 80px;\"><\/div>[\/vc_column][\/vc_row][vc_row force_equal_height_columns=&#8221;main_row&#8221; dfd_row_config=&#8221;full_width_content&#8221; mobile_destroy_equal_heights=&#8221;yes&#8221;][vc_column width=&#8221;1\/2&#8243; dfd_column_responsive_enable=&#8221;dfd-column-responsive-enable&#8221; css=&#8221;.vc_custom_1614761642915{padding-top: 150px !important;padding-right: 100px !important;padding-bottom: 150px !important;padding-left: 100px !important;background-color: #d8e5f0 !important;}&#8221; col_shadow=&#8221;box_shadow_enable:disable|shadow_horizontal:0|shadow_vertical:15|shadow_blur:50|shadow_spread:0|box_shadow_color:rgba(0%2C0%2C0%2C0.35)&#8221; col_shadow_hover=&#8221;box_shadow_enable:disable|shadow_horizontal:0|shadow_vertical:15|shadow_blur:50|shadow_spread:0|box_shadow_color:rgba(0%2C0%2C0%2C0.35)&#8221; responsive_styles=&#8221;padding_left_desktop:60|padding_right_desktop:60|padding_left_tablet:50|padding_right_tablet:50|padding_top_mobile:100|padding_bottom_mobile:100|padding_left_mobile:30|padding_right_mobile:30&#8243;][vc_column_text]<strong>Risk management<\/strong><\/p>\n<p>La gestione del rischio si occupa di identificare, valutare (qualitativamente e quantitativamente), gestire e monitorare i rischi a cui ci si espone.<\/p>\n<p><a href=\"https:\/\/www.crossinvest.ch\/en\/risk\/#1\">Scopri di pi\u00f9<\/a>[\/vc_column_text][\/vc_column][vc_column width=&#8221;1\/2&#8243; col_shadow=&#8221;box_shadow_enable:disable|shadow_horizontal:0|shadow_vertical:15|shadow_blur:50|shadow_spread:0|box_shadow_color:rgba(0%2C0%2C0%2C0.35)&#8221; col_shadow_hover=&#8221;box_shadow_enable:disable|shadow_horizontal:0|shadow_vertical:15|shadow_blur:50|shadow_spread:0|box_shadow_color:rgba(0%2C0%2C0%2C0.35)&#8221;][vc_single_image image=&#8221;29569&#8243; img_size=&#8221;full&#8221; alignment=&#8221;center&#8221;][\/vc_column][\/vc_row][vc_row force_equal_height_columns=&#8221;main_row&#8221; dfd_row_config=&#8221;full_width_content&#8221; mobile_destroy_equal_heights=&#8221;yes&#8221;][vc_column width=&#8221;1\/2&#8243; col_shadow=&#8221;box_shadow_enable:disable|shadow_horizontal:0|shadow_vertical:15|shadow_blur:50|shadow_spread:0|box_shadow_color:rgba(0%2C0%2C0%2C0.35)&#8221; col_shadow_hover=&#8221;box_shadow_enable:disable|shadow_horizontal:0|shadow_vertical:15|shadow_blur:50|shadow_spread:0|box_shadow_color:rgba(0%2C0%2C0%2C0.35)&#8221;][vc_single_image image=&#8221;29567&#8243; img_size=&#8221;full&#8221;][\/vc_column][vc_column width=&#8221;1\/2&#8243; dfd_column_responsive_enable=&#8221;dfd-column-responsive-enable&#8221; css=&#8221;.vc_custom_1614761240388{padding-top: 150px !important;padding-right: 100px !important;padding-bottom: 150px !important;padding-left: 100px !important;background-color: #f0f4f6 !important;}&#8221; col_shadow=&#8221;box_shadow_enable:disable|shadow_horizontal:0|shadow_vertical:15|shadow_blur:50|shadow_spread:0|box_shadow_color:rgba(0%2C0%2C0%2C0.35)&#8221; col_shadow_hover=&#8221;box_shadow_enable:disable|shadow_horizontal:0|shadow_vertical:15|shadow_blur:50|shadow_spread:0|box_shadow_color:rgba(0%2C0%2C0%2C0.35)&#8221; responsive_styles=&#8221;padding_left_desktop:60|padding_right_desktop:60|padding_left_tablet:50|padding_right_tablet:50|padding_top_mobile:100|padding_bottom_mobile:100|padding_left_mobile:30|padding_right_mobile:30&#8243;][vc_column_text]<\/p>\n<p class=\"p1\"><strong>Investment compliance<\/strong><\/p>\n<p>Nel rispetto delle normative in vigore, il gestore del rischio verifica regolarmente requisiti e limiti legali e contrattuali in un processo di controllo dinamico.<\/p>\n<p class=\"p1\"><a href=\"https:\/\/www.crossinvest.ch\/en\/risk\/#4\">Scopri di pi\u00f9<\/a><\/p>\n<p>[\/vc_column_text][\/vc_column][\/vc_row][vc_row anchor=&#8221;1&#8243;][vc_column css=&#8221;.vc_custom_1611565633150{padding-right: 30px !important;padding-left: 30px !important;}&#8221; col_shadow=&#8221;box_shadow_enable:disable|shadow_horizontal:0|shadow_vertical:15|shadow_blur:50|shadow_spread:0|box_shadow_color:rgba(0%2C0%2C0%2C0.35)&#8221; col_shadow_hover=&#8221;box_shadow_enable:disable|shadow_horizontal:0|shadow_vertical:15|shadow_blur:50|shadow_spread:0|box_shadow_color:rgba(0%2C0%2C0%2C0.35)&#8221;]<div class=\"dfd-spacer-module\"  data-units=\"px\" data-wide_resolution=\"1280\" data-wide_size=\"150\" data-normal_resolution=\"1024\" data-normal_size=\"100\" data-tablet_resolution=\"800\" data-tablet_size=\"100\" data-mobile_resolution=\"480\" data-mobile_size=\"80\" style=\"height: 150px;\"><\/div>[vc_column_text css=&#8221;.vc_custom_1617056847421{padding-bottom: 30px !important;}&#8221;]<\/p>\n<h1>Analisi e gestione del rischio<\/h1>\n<p>Il team di gestione del rischio identifica, valuta, monitora e gestisce costantemente i rischi di portafoglio al fine di soddisfare le vostre esigenze.<\/p>\n<p>Con le nostre competenze e l\u2019esperienza in campo finanziario ed informatico, abbiamo negli anni sviluppato strumenti adeguati con l\u2019obiettivo di personalizzare l\u2019analisi dei rischi secondo le necessit\u00e0. Comprendere i modelli alla base delle analisi e la loro implementazione ci aiuta ad interpretare i risultati in piena coscienza di eventuali assunzioni non valide in certe situazioni o di eventuali mancanze nei dati utilizzati.[\/vc_column_text][vc_row_inner][vc_column_inner width=&#8221;1\/2&#8243; dfd_column_responsive_enable=&#8221;dfd-column-responsive-enable&#8221; css=&#8221;.vc_custom_1610453859661{padding-right: 30px !important;}&#8221; col_inner_shadow=&#8221;box_shadow_enable:disable|shadow_horizontal:0|shadow_vertical:15|shadow_blur:50|shadow_spread:0|box_shadow_color:rgba(0%2C0%2C0%2C0.35)&#8221; col_inner_shadow_hover=&#8221;box_shadow_enable:disable|shadow_horizontal:0|shadow_vertical:15|shadow_blur:50|shadow_spread:0|box_shadow_color:rgba(0%2C0%2C0%2C0.35)&#8221; responsive_styles=&#8221;padding_right_mobile:10&#8243;][vc_single_image image=&#8221;29607&#8243; img_size=&#8221;medium&#8221;]<div class=\"dfd-spacer-module\"  data-units=\"px\" data-wide_resolution=\"1280\" data-wide_size=\"10\" data-normal_resolution=\"1024\" data-normal_size=\"\" data-tablet_resolution=\"800\" data-tablet_size=\"\" data-mobile_resolution=\"480\" data-mobile_size=\"\" style=\"height: 10px;\"><\/div>[\/vc_column_inner][\/vc_row_inner][vc_column_text]Andrea H\u00f6ing \u00e8 COO di Crossinvest SA, dove dirige le unit\u00e0 di Corporate Operations, Risk Management e IT Services. Prima di entrare in Crossinvest SA, ha lavorato come responsabile della gestione dei rischi presso Swiss Finance and Property AG, Senior Risk Manager presso Swiss Capital Alternative Investments AG e capo del gruppo di matematica finanziaria e assicurativa all&#8217;ETHZ.<\/p>\n<p>Ha conseguito un dottorato in matematica presso il Politecnico federale, una certificazione PRM e la qualifica di Chartered Financial Analyst (CFA).<\/p>\n<hr \/>\n<p>[\/vc_column_text][\/vc_column][\/vc_row][vc_row][vc_column]<div class=\"dfd-spacer-module\"  data-units=\"px\" data-wide_resolution=\"1280\" data-wide_size=\"60\" data-normal_resolution=\"1024\" data-normal_size=\"60\" data-tablet_resolution=\"800\" data-tablet_size=\"60\" data-mobile_resolution=\"480\" data-mobile_size=\"60\" style=\"height: 60px;\"><\/div>[\/vc_column][\/vc_row][vc_row anchor=&#8221;4&#8243; css=&#8221;.vc_custom_1612943068782{background-color: #d8e5f0 !important;}&#8221;][vc_column css=&#8221;.vc_custom_1611565633150{padding-right: 30px !important;padding-left: 30px !important;}&#8221; col_shadow=&#8221;box_shadow_enable:disable|shadow_horizontal:0|shadow_vertical:15|shadow_blur:50|shadow_spread:0|box_shadow_color:rgba(0%2C0%2C0%2C0.35)&#8221; col_shadow_hover=&#8221;box_shadow_enable:disable|shadow_horizontal:0|shadow_vertical:15|shadow_blur:50|shadow_spread:0|box_shadow_color:rgba(0%2C0%2C0%2C0.35)&#8221;]<div class=\"dfd-spacer-module\"  data-units=\"px\" data-wide_resolution=\"1280\" data-wide_size=\"150\" data-normal_resolution=\"1024\" data-normal_size=\"100\" data-tablet_resolution=\"800\" data-tablet_size=\"100\" data-mobile_resolution=\"480\" data-mobile_size=\"80\" style=\"height: 150px;\"><\/div>[vc_column_text css=&#8221;.vc_custom_1617056857683{padding-bottom: 30px !important;}&#8221;]<\/p>\n<h1>Investment compliance<\/h1>\n<p>La gestione del rischio viene spesso intesa come monitoraggio di limiti contrattuali o prescritti dal regolatore. Queste prescrizioni in difesa dell\u2019investitore sono necessarie e vengono monitorate costantemente, ma non devono sostituire la gestione del rischio attraverso strumenti adeguati, in modo pragmatico e sempre applicando il buon senso.<\/p>\n<p>Il nostro obiettivo \u00e8 l&#8217;implementazione di soluzioni personalizzare applicando costantemente un approccio pragmatico, coscienti che i limiti prescritti dal regolatore non possono sostituire il nostro giudizio n\u00e8 la nostra responsabilit\u00e0.[\/vc_column_text][vc_row_inner][vc_column_inner width=&#8221;1\/2&#8243; dfd_column_responsive_enable=&#8221;dfd-column-responsive-enable&#8221; css=&#8221;.vc_custom_1610453859661{padding-right: 30px !important;}&#8221; col_inner_shadow=&#8221;box_shadow_enable:disable|shadow_horizontal:0|shadow_vertical:15|shadow_blur:50|shadow_spread:0|box_shadow_color:rgba(0%2C0%2C0%2C0.35)&#8221; col_inner_shadow_hover=&#8221;box_shadow_enable:disable|shadow_horizontal:0|shadow_vertical:15|shadow_blur:50|shadow_spread:0|box_shadow_color:rgba(0%2C0%2C0%2C0.35)&#8221; responsive_styles=&#8221;padding_right_mobile:10&#8243;][vc_single_image image=&#8221;29529&#8243; img_size=&#8221;medium&#8221;]<div class=\"dfd-spacer-module\"  data-units=\"px\" data-wide_resolution=\"1280\" data-wide_size=\"10\" data-normal_resolution=\"1024\" data-normal_size=\"\" data-tablet_resolution=\"800\" data-tablet_size=\"\" data-mobile_resolution=\"480\" data-mobile_size=\"\" style=\"height: 10px;\"><\/div>[\/vc_column_inner][\/vc_row_inner][vc_column_text]Tamara Pasquetti \u00e8 risk manager ed analista quantitativa in Crossinvest SA. Le sue precedenti esperienze sono state in Unicredit come analista quantitativa e in KPMG come consulente legale.<\/p>\n<p>Tamara ha conseguito una laurea in economia aziendale e un master in finanza e metodi quantitativi per l&#8217;economia presso l&#8217;Universit\u00e0 di Perugia.[\/vc_column_text]<div class=\"dfd-spacer-module\"  data-units=\"px\" data-wide_resolution=\"1280\" data-wide_size=\"80\" data-normal_resolution=\"1024\" data-normal_size=\"\" data-tablet_resolution=\"800\" data-tablet_size=\"\" data-mobile_resolution=\"480\" data-mobile_size=\"\" style=\"height: 80px;\"><\/div>[\/vc_column][\/vc_row][vc_row anchor=&#8221;3&#8243;][vc_column]<div class=\"dfd-spacer-module\"  data-units=\"px\" data-wide_resolution=\"1280\" data-wide_size=\"150\" data-normal_resolution=\"1024\" data-normal_size=\"100\" data-tablet_resolution=\"800\" data-tablet_size=\"100\" data-mobile_resolution=\"480\" data-mobile_size=\"80\" style=\"height: 150px;\"><\/div>[\/vc_column][\/vc_row]<\/p>\n<\/div>","protected":false},"excerpt":{"rendered":"<p>[vc_row][vc_column][\/vc_column][\/vc_row][vc_row][vc_column css=&#8221;.vc_custom_1608111214077{padding-right: 30px !important;padding-left: 30px !important;}&#8221; col_shadow=&#8221;box_shadow_enable:disable|shadow_horizontal:0|shadow_vertical:15|shadow_blur:50|shadow_spread:0|box_shadow_color:rgba(0%2C0%2C0%2C0.35)&#8221; col_shadow_hover=&#8221;box_shadow_enable:disable|shadow_horizontal:0|shadow_vertical:15|shadow_blur:50|shadow_spread:0|box_shadow_color:rgba(0%2C0%2C0%2C0.35)&#8221;][vc_column_text] Servizi di gestione del rischio in outsourcing [\/vc_column_text][\/vc_column][\/vc_row][vc_row][vc_column][\/vc_column][\/vc_row][vc_row][vc_column css=&#8221;.vc_custom_1611565626078{padding-right: 30px !important;padding-left: 30px !important;}&#8221; col_shadow=&#8221;box_shadow_enable:disable|shadow_horizontal:0|shadow_vertical:15|shadow_blur:50|shadow_spread:0|box_shadow_color:rgba(0%2C0%2C0%2C0.35)&#8221; col_shadow_hover=&#8221;box_shadow_enable:disable|shadow_horizontal:0|shadow_vertical:15|shadow_blur:50|shadow_spread:0|box_shadow_color:rgba(0%2C0%2C0%2C0.35)&#8221;][vc_column_text]La crisi finanziaria iniziata nel 2007 ha definitivamente<\/p>\n","protected":false},"author":1,"featured_media":0,"parent":0,"menu_order":0,"comment_status":"closed","ping_status":"closed","template":"page-custom.php","meta":{"inline_featured_image":false,"footnotes":""},"class_list":["post-29848","page","type-page","status-publish","hentry"],"yoast_head":"<!-- This site is optimized with the Yoast SEO plugin v27.3 - https:\/\/yoast.com\/product\/yoast-seo-wordpress\/ -->\n<title>Risk - CROSSINVEST<\/title>\n<meta name=\"robots\" content=\"index, follow, max-snippet:-1, max-image-preview:large, max-video-preview:-1\" \/>\n<link rel=\"canonical\" href=\"https:\/\/www.crossinvest.ch\/en\/risk\/\" \/>\n<meta property=\"og:locale\" content=\"en_US\" \/>\n<meta property=\"og:type\" content=\"article\" \/>\n<meta property=\"og:title\" content=\"Risk - CROSSINVEST\" \/>\n<meta property=\"og:description\" content=\"[vc_row][vc_column][\/vc_column][\/vc_row][vc_row][vc_column css=&#8221;.vc_custom_1608111214077{padding-right: 30px !important;padding-left: 30px !important;}&#8221; col_shadow=&#8221;box_shadow_enable:disable|shadow_horizontal:0|shadow_vertical:15|shadow_blur:50|shadow_spread:0|box_shadow_color:rgba(0%2C0%2C0%2C0.35)&#8221; col_shadow_hover=&#8221;box_shadow_enable:disable|shadow_horizontal:0|shadow_vertical:15|shadow_blur:50|shadow_spread:0|box_shadow_color:rgba(0%2C0%2C0%2C0.35)&#8221;][vc_column_text] Servizi di gestione del rischio in outsourcing [\/vc_column_text][\/vc_column][\/vc_row][vc_row][vc_column][\/vc_column][\/vc_row][vc_row][vc_column css=&#8221;.vc_custom_1611565626078{padding-right: 30px !important;padding-left: 30px !important;}&#8221; col_shadow=&#8221;box_shadow_enable:disable|shadow_horizontal:0|shadow_vertical:15|shadow_blur:50|shadow_spread:0|box_shadow_color:rgba(0%2C0%2C0%2C0.35)&#8221; col_shadow_hover=&#8221;box_shadow_enable:disable|shadow_horizontal:0|shadow_vertical:15|shadow_blur:50|shadow_spread:0|box_shadow_color:rgba(0%2C0%2C0%2C0.35)&#8221;][vc_column_text]La crisi finanziaria iniziata nel 2007 ha definitivamente\" \/>\n<meta property=\"og:url\" content=\"https:\/\/www.crossinvest.ch\/en\/risk\/\" \/>\n<meta property=\"og:site_name\" content=\"CROSSINVEST\" \/>\n<meta property=\"article:modified_time\" content=\"2021-03-29T22:36:13+00:00\" \/>\n<meta name=\"twitter:card\" content=\"summary_large_image\" \/>\n<meta name=\"twitter:label1\" content=\"Est. reading time\" \/>\n\t<meta name=\"twitter:data1\" content=\"8 minutes\" \/>\n<script type=\"application\/ld+json\" class=\"yoast-schema-graph\">{\"@context\":\"https:\\\/\\\/schema.org\",\"@graph\":[{\"@type\":\"WebPage\",\"@id\":\"https:\\\/\\\/www.crossinvest.ch\\\/en\\\/risk\\\/\",\"url\":\"https:\\\/\\\/www.crossinvest.ch\\\/en\\\/risk\\\/\",\"name\":\"Risk - CROSSINVEST\",\"isPartOf\":{\"@id\":\"https:\\\/\\\/www.crossinvest.ch\\\/en\\\/#website\"},\"datePublished\":\"2021-03-29T22:36:11+00:00\",\"dateModified\":\"2021-03-29T22:36:13+00:00\",\"breadcrumb\":{\"@id\":\"https:\\\/\\\/www.crossinvest.ch\\\/en\\\/risk\\\/#breadcrumb\"},\"inLanguage\":\"en-US\",\"potentialAction\":[{\"@type\":\"ReadAction\",\"target\":[\"https:\\\/\\\/www.crossinvest.ch\\\/en\\\/risk\\\/\"]}]},{\"@type\":\"BreadcrumbList\",\"@id\":\"https:\\\/\\\/www.crossinvest.ch\\\/en\\\/risk\\\/#breadcrumb\",\"itemListElement\":[{\"@type\":\"ListItem\",\"position\":1,\"name\":\"Home\",\"item\":\"https:\\\/\\\/www.crossinvest.ch\\\/en\\\/\"},{\"@type\":\"ListItem\",\"position\":2,\"name\":\"Risk\"}]},{\"@type\":\"WebSite\",\"@id\":\"https:\\\/\\\/www.crossinvest.ch\\\/en\\\/#website\",\"url\":\"https:\\\/\\\/www.crossinvest.ch\\\/en\\\/\",\"name\":\"Crossinvest SA\",\"description\":\"Lugano\",\"publisher\":{\"@id\":\"https:\\\/\\\/www.crossinvest.ch\\\/en\\\/#organization\"},\"potentialAction\":[{\"@type\":\"SearchAction\",\"target\":{\"@type\":\"EntryPoint\",\"urlTemplate\":\"https:\\\/\\\/www.crossinvest.ch\\\/en\\\/?s={search_term_string}\"},\"query-input\":{\"@type\":\"PropertyValueSpecification\",\"valueRequired\":true,\"valueName\":\"search_term_string\"}}],\"inLanguage\":\"en-US\"},{\"@type\":\"Organization\",\"@id\":\"https:\\\/\\\/www.crossinvest.ch\\\/en\\\/#organization\",\"name\":\"Crossinvest SA\",\"url\":\"https:\\\/\\\/www.crossinvest.ch\\\/en\\\/\",\"logo\":{\"@type\":\"ImageObject\",\"inLanguage\":\"en-US\",\"@id\":\"https:\\\/\\\/www.crossinvest.ch\\\/en\\\/#\\\/schema\\\/logo\\\/image\\\/\",\"url\":\"https:\\\/\\\/www.crossinvest.ch\\\/wp-content\\\/uploads\\\/2021\\\/02\\\/crossinvest-lugano_logo_wealth.svg\",\"contentUrl\":\"https:\\\/\\\/www.crossinvest.ch\\\/wp-content\\\/uploads\\\/2021\\\/02\\\/crossinvest-lugano_logo_wealth.svg\",\"width\":\"1024\",\"height\":\"1024\",\"caption\":\"Crossinvest SA\"},\"image\":{\"@id\":\"https:\\\/\\\/www.crossinvest.ch\\\/en\\\/#\\\/schema\\\/logo\\\/image\\\/\"}}]}<\/script>\n<!-- \/ Yoast SEO plugin. -->","yoast_head_json":{"title":"Risk - CROSSINVEST","robots":{"index":"index","follow":"follow","max-snippet":"max-snippet:-1","max-image-preview":"max-image-preview:large","max-video-preview":"max-video-preview:-1"},"canonical":"https:\/\/www.crossinvest.ch\/en\/risk\/","og_locale":"en_US","og_type":"article","og_title":"Risk - CROSSINVEST","og_description":"[vc_row][vc_column][\/vc_column][\/vc_row][vc_row][vc_column css=&#8221;.vc_custom_1608111214077{padding-right: 30px !important;padding-left: 30px !important;}&#8221; col_shadow=&#8221;box_shadow_enable:disable|shadow_horizontal:0|shadow_vertical:15|shadow_blur:50|shadow_spread:0|box_shadow_color:rgba(0%2C0%2C0%2C0.35)&#8221; col_shadow_hover=&#8221;box_shadow_enable:disable|shadow_horizontal:0|shadow_vertical:15|shadow_blur:50|shadow_spread:0|box_shadow_color:rgba(0%2C0%2C0%2C0.35)&#8221;][vc_column_text] Servizi di gestione del rischio in outsourcing [\/vc_column_text][\/vc_column][\/vc_row][vc_row][vc_column][\/vc_column][\/vc_row][vc_row][vc_column css=&#8221;.vc_custom_1611565626078{padding-right: 30px !important;padding-left: 30px !important;}&#8221; col_shadow=&#8221;box_shadow_enable:disable|shadow_horizontal:0|shadow_vertical:15|shadow_blur:50|shadow_spread:0|box_shadow_color:rgba(0%2C0%2C0%2C0.35)&#8221; col_shadow_hover=&#8221;box_shadow_enable:disable|shadow_horizontal:0|shadow_vertical:15|shadow_blur:50|shadow_spread:0|box_shadow_color:rgba(0%2C0%2C0%2C0.35)&#8221;][vc_column_text]La crisi finanziaria iniziata nel 2007 ha definitivamente","og_url":"https:\/\/www.crossinvest.ch\/en\/risk\/","og_site_name":"CROSSINVEST","article_modified_time":"2021-03-29T22:36:13+00:00","twitter_card":"summary_large_image","twitter_misc":{"Est. reading time":"8 minutes"},"schema":{"@context":"https:\/\/schema.org","@graph":[{"@type":"WebPage","@id":"https:\/\/www.crossinvest.ch\/en\/risk\/","url":"https:\/\/www.crossinvest.ch\/en\/risk\/","name":"Risk - CROSSINVEST","isPartOf":{"@id":"https:\/\/www.crossinvest.ch\/en\/#website"},"datePublished":"2021-03-29T22:36:11+00:00","dateModified":"2021-03-29T22:36:13+00:00","breadcrumb":{"@id":"https:\/\/www.crossinvest.ch\/en\/risk\/#breadcrumb"},"inLanguage":"en-US","potentialAction":[{"@type":"ReadAction","target":["https:\/\/www.crossinvest.ch\/en\/risk\/"]}]},{"@type":"BreadcrumbList","@id":"https:\/\/www.crossinvest.ch\/en\/risk\/#breadcrumb","itemListElement":[{"@type":"ListItem","position":1,"name":"Home","item":"https:\/\/www.crossinvest.ch\/en\/"},{"@type":"ListItem","position":2,"name":"Risk"}]},{"@type":"WebSite","@id":"https:\/\/www.crossinvest.ch\/en\/#website","url":"https:\/\/www.crossinvest.ch\/en\/","name":"Crossinvest SA","description":"Lugano","publisher":{"@id":"https:\/\/www.crossinvest.ch\/en\/#organization"},"potentialAction":[{"@type":"SearchAction","target":{"@type":"EntryPoint","urlTemplate":"https:\/\/www.crossinvest.ch\/en\/?s={search_term_string}"},"query-input":{"@type":"PropertyValueSpecification","valueRequired":true,"valueName":"search_term_string"}}],"inLanguage":"en-US"},{"@type":"Organization","@id":"https:\/\/www.crossinvest.ch\/en\/#organization","name":"Crossinvest SA","url":"https:\/\/www.crossinvest.ch\/en\/","logo":{"@type":"ImageObject","inLanguage":"en-US","@id":"https:\/\/www.crossinvest.ch\/en\/#\/schema\/logo\/image\/","url":"https:\/\/www.crossinvest.ch\/wp-content\/uploads\/2021\/02\/crossinvest-lugano_logo_wealth.svg","contentUrl":"https:\/\/www.crossinvest.ch\/wp-content\/uploads\/2021\/02\/crossinvest-lugano_logo_wealth.svg","width":"1024","height":"1024","caption":"Crossinvest SA"},"image":{"@id":"https:\/\/www.crossinvest.ch\/en\/#\/schema\/logo\/image\/"}}]}},"_links":{"self":[{"href":"https:\/\/www.crossinvest.ch\/en\/wp-json\/wp\/v2\/pages\/29848","targetHints":{"allow":["GET"]}}],"collection":[{"href":"https:\/\/www.crossinvest.ch\/en\/wp-json\/wp\/v2\/pages"}],"about":[{"href":"https:\/\/www.crossinvest.ch\/en\/wp-json\/wp\/v2\/types\/page"}],"author":[{"embeddable":true,"href":"https:\/\/www.crossinvest.ch\/en\/wp-json\/wp\/v2\/users\/1"}],"replies":[{"embeddable":true,"href":"https:\/\/www.crossinvest.ch\/en\/wp-json\/wp\/v2\/comments?post=29848"}],"version-history":[{"count":3,"href":"https:\/\/www.crossinvest.ch\/en\/wp-json\/wp\/v2\/pages\/29848\/revisions"}],"predecessor-version":[{"id":29851,"href":"https:\/\/www.crossinvest.ch\/en\/wp-json\/wp\/v2\/pages\/29848\/revisions\/29851"}],"wp:attachment":[{"href":"https:\/\/www.crossinvest.ch\/en\/wp-json\/wp\/v2\/media?parent=29848"}],"curies":[{"name":"wp","href":"https:\/\/api.w.org\/{rel}","templated":true}]}}